{"id":1194,"date":"2024-02-13T23:05:05","date_gmt":"2024-02-13T22:05:05","guid":{"rendered":"https:\/\/malteadoclub.com\/?page_id=1194"},"modified":"2024-03-13T18:25:39","modified_gmt":"2024-03-13T17:25:39","slug":"aviso-legal","status":"publish","type":"page","link":"https:\/\/malteadoclub.com\/ca\/aviso-legal\/","title":{"rendered":"Av\u00eds Legal"},"content":{"rendered":"<div data-elementor-type=\"wp-page\" data-elementor-id=\"1194\" class=\"elementor elementor-1194\" data-elementor-post-type=\"page\">\n\t\t\t\t\t\t<section class=\"elementor-section elementor-top-section elementor-element elementor-element-6d86006 elementor-section-boxed elementor-section-height-default elementor-section-height-default\" data-id=\"6d86006\" data-element_type=\"section\">\n\t\t\t\t\t\t<div class=\"elementor-container elementor-column-gap-default\">\n\t\t\t\t\t<div class=\"elementor-column elementor-col-100 elementor-top-column elementor-element elementor-element-797e163\" data-id=\"797e163\" data-element_type=\"column\">\n\t\t\t<div class=\"elementor-widget-wrap elementor-element-populated\">\n\t\t\t\t\t\t<div class=\"elementor-element elementor-element-0656e18 elementor-widget elementor-widget-text-editor\" data-id=\"0656e18\" data-element_type=\"widget\" data-widget_type=\"text-editor.default\">\n\t\t\t\t<div class=\"elementor-widget-container\">\n\t\t\t\t\t\t\t\t\t<h2><b>AVISO LEGAL Y CONDICIONES GENERALES DE USO<\/b><\/h2><h4><b>https:\/\/malteadoclub.com\/<\/b><\/h4><h3><b>I. INFORMACI\u00d3N GENERAL<\/b><\/h3><p><span style=\"font-weight: 400;\">En cumplimiento con el deber de informaci\u00f3n dispuesto en la Ley 34\/2002 de Servicios de la Sociedad de la Informaci\u00f3n y el Comercio Electr\u00f3nico (LSSI-CE) de 11 de julio, se facilitan a continuaci\u00f3n los siguientes datos de informaci\u00f3n general de este sitio web:<\/span><\/p><p><span style=\"font-weight: 400;\">La titularidad de este sitio web, https:\/\/malteadoclub.com\/, (en adelante, Sitio Web) la ostenta: PROGRESS AGAIN S.L., provista de NIF: XXXXXXXD e inscrita en: Registro Mercantil de Barcelona con los siguientes datos registrales: Tomo, 0 P\u00e1gina 9, cuyo representante es: Eva, y cuyos datos de contacto son:<\/span><\/p><p><span style=\"font-weight: 400;\">Direcci\u00f3n: Av. de Matadepera, 238, 08207 Sabadell, Barcelona, Espa\u00f1a<\/span><\/p><p><span style=\"font-weight: 400;\">Tel\u00e9fono de contacto: 620 14 68 49<\/span><\/p><p><span style=\"font-weight: 400;\">Email de contacto: entrecopassabadell@gmail.com<\/span><\/p><h3><b>II. T\u00c9RMINOS Y CONDICIONES GENERALES DE USO<\/b><\/h3><h4><b>El objeto de las condiciones: El Sitio Web<\/b><\/h4><p><span style=\"font-weight: 400;\">El objeto de las presentes Condiciones Generales de Uso (en adelante, Condiciones) es regular el acceso y la utilizaci\u00f3n del Sitio Web. A los efectos de las presentes Condiciones se entender\u00e1 como Sitio Web: la apariencia externa de los interfaces de pantalla, tanto de forma est\u00e1tica como de forma din\u00e1mica, es decir, el \u00e1rbol de navegaci\u00f3n; y todos los elementos integrados tanto en los interfaces de pantalla como en el \u00e1rbol de navegaci\u00f3n (en adelante, Contenidos) y todos aquellos servicios o recursos en l\u00ednea que en su caso ofrezca a los Usuarios (en adelante, Servicios).<\/span><\/p><p><span style=\"font-weight: 400;\">Tienda de bebidas espirituosas se reserva la facultad de modificar, en cualquier momento, y sin aviso previo, la presentaci\u00f3n y configuraci\u00f3n del Sitio Web y de los Contenidos y Servicios que en \u00e9l pudieran estar incorporados. El Usuario reconoce y acepta que en cualquier momento Tienda de bebidas espirituosas pueda interrumpir, desactivar y\/o cancelar cualquiera de estos elementos que se integran en el Sitio Web o el acceso a los mismos.<\/span><\/p><p><span style=\"font-weight: 400;\">El acceso al Sitio Web por el Usuario tiene car\u00e1cter libre y, por regla general, es gratuito sin que el Usuario tenga que proporcionar una contraprestaci\u00f3n para poder disfrutar de ello, salvo en lo relativo al coste de conexi\u00f3n a trav\u00e9s de la red de telecomunicaciones suministrada por el proveedor de acceso que hubiere contratado el Usuario.<\/span><\/p><p><span style=\"font-weight: 400;\">La utilizaci\u00f3n de alguno de los Contenidos o Servicios del Sitio Web podr\u00e1 hacerse mediante la suscripci\u00f3n o registro previo del Usuario.<\/span><\/p><h4><b>El Usuario<\/b><\/h4><p><span style=\"font-weight: 400;\">El acceso, la navegaci\u00f3n y uso del Sitio Web, as\u00ed como por los espacios habilitados para interactuar entre los Usuarios, y el Usuario y Tienda de bebidas espirituosas, como los comentarios y\/o espacios de blogging, confiere la condici\u00f3n de Usuario, por lo que se aceptan, desde que se inicia la navegaci\u00f3n por el Sitio Web, todas las Condiciones aqu\u00ed establecidas, as\u00ed como sus ulteriores modificaciones, sin perjuicio de la aplicaci\u00f3n de la correspondiente normativa legal de obligado cumplimiento seg\u00fan el caso. Dada la relevancia de lo anterior, se recomienda al Usuario leerlas cada vez que visite el Sitio Web.<\/span><\/p><p><span style=\"font-weight: 400;\">El Sitio Web de Tienda de bebidas espirituosas proporciona gran diversidad de informaci\u00f3n, servicios y datos. El Usuario asume su responsabilidad para realizar un uso correcto del Sitio Web. Esta responsabilidad se extender\u00e1 a:<\/span><\/p><ul><li style=\"font-weight: 400;\" aria-level=\"1\"><span style=\"font-weight: 400;\">Un uso de la informaci\u00f3n, Contenidos y\/o Servicios y datos ofrecidos por Tienda de bebidas espirituosas sin que sea contrario a lo dispuesto por las presentes Condiciones, la Ley, la moral o el orden p\u00fablico, o que de cualquier otro modo puedan suponer lesi\u00f3n de los derechos de terceros o del mismo funcionamiento del Sitio Web.<\/span><\/li><li style=\"font-weight: 400;\" aria-level=\"1\"><span style=\"font-weight: 400;\">La veracidad y licitud de las informaciones aportadas por el Usuario en los formularios extendidos por Tienda de bebidas espirituosas para el acceso a ciertos Contenidos o Servicios ofrecidos por el Sitio Web. En todo caso, el Usuario notificar\u00e1 de forma inmediata a Tienda de bebidas espirituosas acerca de cualquier hecho que permita el uso indebido de la informaci\u00f3n registrada en dichos formularios, tales como, pero no solo, el robo, extrav\u00edo, o el acceso no autorizado a identificadores y\/o contrase\u00f1as, con el fin de proceder a su inmediata cancelaci\u00f3n.<\/span><\/li><\/ul><p><span style=\"font-weight: 400;\">Tienda de bebidas espirituosas se reserva el derecho de retirar todos aquellos comentarios y aportaciones que vulneren la ley, el respeto a la dignidad de la persona, que sean discriminatorios, xen\u00f3fobos, racistas, pornogr\u00e1ficos, spamming, que atenten contra la juventud o la infancia, el orden o la seguridad p\u00fablica o que, a su juicio, no resultaran adecuados para su publicaci\u00f3n.<\/span><\/p><p><span style=\"font-weight: 400;\">En cualquier caso, Tienda de bebidas espirituosas no ser\u00e1 responsable de las opiniones vertidas por los Usuarios a trav\u00e9s de comentarios u otras herramientas de blogging o de participaci\u00f3n que pueda haber.<\/span><\/p><p><span style=\"font-weight: 400;\">El mero acceso a este Sitio Web no supone entablar ning\u00fan tipo de relaci\u00f3n de car\u00e1cter comercial entre Tienda de bebidas espirituosas y el Usuario.<\/span><\/p><p><span style=\"font-weight: 400;\">El Usuario declara ser mayor de edad y disponer de la capacidad jur\u00eddica suficiente para vincularse por las presentes Condiciones. Por lo tanto, este Sitio Web de Tienda de bebidas espirituosas no se dirige a menores de edad. Tienda de bebidas espirituosas declina cualquier responsabilidad por el incumplimiento de este requisito.<\/span><\/p><p><span style=\"font-weight: 400;\">El Sitio Web est\u00e1 dirigido principalmente a Usuarios residentes en Espa\u00f1a. Tienda de bebidas espirituosas no asegura que el Sitio Web cumpla con legislaciones de otros pa\u00edses, ya sea total o parcialmente. Si el Usuario reside o tiene su domiciliado en otro lugar y decide acceder y\/o navegar en el Sitio Web lo har\u00e1 bajo su propia responsabilidad, deber\u00e1 asegurarse de que tal acceso y navegaci\u00f3n cumple con la legislaci\u00f3n local que le es aplicable, no asumiendo Tienda de bebidas espirituosas responsabilidad alguna que se pueda derivar de dicho acceso.<\/span><\/p><h3><b>III. ACCESO Y NAVEGACI\u00d3N EN EL SITIO WEB: EXCLUSI\u00d3N DE GARANT\u00cdAS Y RESPONSABILIDAD<\/b><\/h3><p><span style=\"font-weight: 400;\">Tienda de bebidas espirituosas no garantiza la continuidad, disponibilidad y utilidad del Sitio Web, ni de los Contenidos o Servicios. Tienda de bebidas espirituosas har\u00e1 todo lo posible por el buen funcionamiento del Sitio Web, sin embargo, no se responsabiliza ni garantiza que el acceso a este Sitio Web no vaya a ser ininterrumpido o que est\u00e9 libre de error.<\/span><\/p><p><span style=\"font-weight: 400;\">Tampoco se responsabiliza o garantiza que el contenido o software al que pueda accederse a trav\u00e9s de este Sitio Web, est\u00e9 libre de error o cause un da\u00f1o al sistema inform\u00e1tico (software y hardware) del Usuario. En ning\u00fan caso Tienda de bebidas espirituosas ser\u00e1 responsable por las p\u00e9rdidas, da\u00f1os o perjuicios de cualquier tipo que surjan por el acceso, navegaci\u00f3n y el uso del Sitio Web, incluy\u00e9ndose, pero no limit\u00e1ndose, a los ocasionados a los sistemas inform\u00e1ticos o los provocados por la introducci\u00f3n de virus.<\/span><\/p><p><span style=\"font-weight: 400;\">Tienda de bebidas espirituosas tampoco se hace responsable de los da\u00f1os que pudiesen ocasionarse a los usuarios por un uso inadecuado de este Sitio Web. En particular, no se hace responsable en modo alguno de las ca\u00eddas, interrupciones, falta o defecto de las telecomunicaciones que pudieran ocurrir.<\/span><\/p><h3><b>IV. POL\u00cdTICA DE ENLACES<\/b><\/h3><p><span style=\"font-weight: 400;\">Se informa que el Sitio Web de Tienda de bebidas espirituosas pone o puede poner a disposici\u00f3n de los Usuarios medios de enlace (como, entre otros, links, banners, botones), directorios y motores de b\u00fasqueda que permiten a los Usuarios acceder a sitios web pertenecientes y\/o gestionados por terceros.<\/span><\/p><p><span style=\"font-weight: 400;\">La instalaci\u00f3n de estos enlaces, directorios y motores de b\u00fasqueda en el Sitio Web tiene por objeto facilitar a los Usuarios la b\u00fasqueda de y acceso a la informaci\u00f3n disponible en Internet, sin que pueda considerarse una sugerencia, recomendaci\u00f3n o invitaci\u00f3n para la visita de los mismos.<\/span><\/p><p><span style=\"font-weight: 400;\">Tienda de bebidas espirituosas no ofrece ni comercializa por s\u00ed ni por medio de terceros los productos y\/o servicios disponibles en dichos sitios enlazados.<\/span><\/p><p><span style=\"font-weight: 400;\">Asimismo, tampoco garantizar\u00e1 la disponibilidad t\u00e9cnica, exactitud, veracidad, validez o legalidad de sitios ajenos a su propiedad a los que se pueda acceder por medio de los enlaces.<\/span><\/p><p><span style=\"font-weight: 400;\">Tienda de bebidas espirituosas en ning\u00fan caso revisar\u00e1 o controlar\u00e1 el contenido de otros sitios web, as\u00ed como tampoco aprueba, examina ni hace propios los productos y servicios, contenidos, archivos y cualquier otro material existente en los referidos sitios enlazados.<\/span><\/p><p><span style=\"font-weight: 400;\">Tienda de bebidas espirituosas no asume ninguna responsabilidad por los da\u00f1os y perjuicios que pudieran producirse por el acceso, uso, calidad o licitud de los contenidos, comunicaciones, opiniones, productos y servicios de los sitios web no gestionados por Tienda de bebidas espirituosas y que sean enlazados en este Sitio Web.<\/span><\/p><p><span style=\"font-weight: 400;\">El Usuario o tercero que realice un hiperv\u00ednculo desde una p\u00e1gina web de otro, distinto, sitio web al Sitio Web de Tienda de bebidas espirituosas deber\u00e1 saber que:<\/span><\/p><p><span style=\"font-weight: 400;\">No se permite la reproducci\u00f3n \u2014total o parcialmente\u2014 de ninguno de los Contenidos y\/o Servicios del Sitio Web sin autorizaci\u00f3n expresa de Tienda de bebidas espirituosas.<\/span><\/p><p><span style=\"font-weight: 400;\">No se permite tampoco ninguna manifestaci\u00f3n falsa, inexacta o incorrecta sobre el Sitio Web de Tienda de bebidas espirituosas, ni sobre los Contenidos y\/o Servicios del mismo.<\/span><\/p><p><span style=\"font-weight: 400;\">A excepci\u00f3n del hiperv\u00ednculo, el sitio web en el que se establezca dicho hiperenlace no contendr\u00e1 ning\u00fan elemento, de este Sitio Web, protegido como propiedad intelectual por el ordenamiento jur\u00eddico espa\u00f1ol, salvo autorizaci\u00f3n expresa de Tienda de bebidas espirituosas.<\/span><\/p><p><span style=\"font-weight: 400;\">El establecimiento del hiperv\u00ednculo no implicar\u00e1 la existencia de relaciones entre Tienda de bebidas espirituosas y el titular del sitio web desde el cual se realice, ni el conocimiento y aceptaci\u00f3n de Tienda de bebidas espirituosas de los contenidos, servicios y\/o actividades ofrecidas en dicho sitio web, y viceversa.<\/span><\/p><h3><b>V. PROPIEDAD INTELECTUAL E INDUSTRIAL<\/b><\/h3><p><span style=\"font-weight: 400;\">Tienda de bebidas espirituosas por s\u00ed o como parte cesionaria, es titular de todos los derechos de propiedad intelectual e industrial del Sitio Web, as\u00ed como de los elementos contenidos en el mismo (a t\u00edtulo enunciativo y no exhaustivo, im\u00e1genes, sonido, audio, v\u00eddeo, software o textos, marcas o logotipos, combinaciones de colores, estructura y dise\u00f1o, selecci\u00f3n de materiales usados, programas de ordenador necesarios para su funcionamiento, acceso y uso, etc.). Ser\u00e1n, por consiguiente, obras protegidas como propiedad intelectual por el ordenamiento jur\u00eddico espa\u00f1ol, si\u00e9ndoles aplicables tanto la normativa espa\u00f1ola y comunitaria en este campo, como los tratados internacionales relativos a la materia y suscritos por Espa\u00f1a.<\/span><\/p><p><span style=\"font-weight: 400;\">Todos los derechos reservados. En virtud de lo dispuesto en la Ley de Propiedad Intelectual, quedan expresamente prohibidas la reproducci\u00f3n, la distribuci\u00f3n y la comunicaci\u00f3n p\u00fablica, incluida su modalidad de puesta a disposici\u00f3n, de la totalidad o parte de los contenidos de esta p\u00e1gina web, con fines comerciales, en cualquier soporte y por cualquier medio t\u00e9cnico, sin la autorizaci\u00f3n de Tienda de bebidas espirituosas.<\/span><\/p><p><span style=\"font-weight: 400;\">El Usuario se compromete a respetar los derechos de propiedad intelectual e industrial de Tienda de bebidas espirituosas. Podr\u00e1 visualizar los elementos del Sitio Web o incluso imprimirlos, copiarlos y almacenarlos en el disco duro de su ordenador o en cualquier otro soporte f\u00edsico siempre y cuando sea, exclusivamente, para su uso personal. El Usuario, sin embargo, no podr\u00e1 suprimir, alterar, o manipular cualquier dispositivo de protecci\u00f3n o sistema de seguridad que estuviera instalado en el Sitio Web.<\/span><\/p><p><span style=\"font-weight: 400;\">En caso de que el Usuario o tercero considere que cualquiera de los Contenidos del Sitio Web suponga una violaci\u00f3n de los derechos de protecci\u00f3n de la propiedad intelectual, deber\u00e1 comunicarlo inmediatamente a Tienda de bebidas espirituosas a trav\u00e9s de los datos de contacto del apartado de INFORMACI\u00d3N GENERAL de este Aviso Legal y Condiciones Generales de Uso.<\/span><\/p><h3><b>VI. ACCIONES LEGALES, LEGISLACI\u00d3N APLICABLE Y JURISDICCI\u00d3N<\/b><\/h3><p><span style=\"font-weight: 400;\">Tienda de bebidas espirituosas se reserva la facultad de presentar las acciones civiles o penales que considere necesarias por la utilizaci\u00f3n indebida del Sitio Web y Contenidos, o por el incumplimiento de las presentes Condiciones.<\/span><\/p><p><span style=\"font-weight: 400;\">La relaci\u00f3n entre el Usuario y Tienda de bebidas espirituosas se regir\u00e1 por la normativa vigente y de aplicaci\u00f3n en el territorio espa\u00f1ol. De surgir cualquier controversia en relaci\u00f3n con la interpretaci\u00f3n y\/o a la aplicaci\u00f3n de estas Condiciones las partes someter\u00e1n sus conflictos a la jurisdicci\u00f3n ordinaria someti\u00e9ndose a los jueces y tribunales que correspondan conforme a derecho.<\/span><\/p><p>\u00a0<\/p>\t\t\t\t\t\t\t\t<\/div>\n\t\t\t\t<\/div>\n\t\t\t\t\t<\/div>\n\t\t<\/div>\n\t\t\t\t\t<\/div>\n\t\t<\/section>\n\t\t\t\t<\/div>","protected":false},"excerpt":{"rendered":"<p>AVISO LEGAL Y CONDICIONES GENERALES DE USO https:\/\/malteadoclub.com\/ I. INFORMACI\u00d3N GENERAL En cumplimiento con el deber de informaci\u00f3n dispuesto en la Ley 34\/2002 de Servicios de la Sociedad de la Informaci\u00f3n y el Comercio Electr\u00f3nico (LSSI-CE) de 11 de julio, se facilitan a continuaci\u00f3n los siguientes datos de informaci\u00f3n general de este sitio web: La [&hellip;]<\/p>","protected":false},"author":1,"featured_media":0,"parent":0,"menu_order":0,"comment_status":"closed","ping_status":"closed","template":"","meta":{"footnotes":""},"class_list":["post-1194","page","type-page","status-publish","hentry"],"yoast_head":"<!-- This site is optimized with the Yoast SEO plugin v25.9 - https:\/\/yoast.com\/wordpress\/plugins\/seo\/ -->\n<title>Aviso Legal - Entre Copas Sabadell<\/title>\n<meta name=\"description\" content=\"Explora nuestro Aviso Legal, donde Entre Copas garantiza transparencia y cumplimiento normativo en todas nuestras operaciones.\" \/>\n<meta name=\"robots\" content=\"index, follow, max-snippet:-1, max-image-preview:large, max-video-preview:-1\" \/>\n<link rel=\"canonical\" href=\"https:\/\/malteadoclub.com\/ca\/aviso-legal\/\" \/>\n<meta property=\"og:locale\" content=\"ca_ES\" \/>\n<meta property=\"og:type\" content=\"article\" \/>\n<meta property=\"og:title\" content=\"Aviso Legal - Entre Copas Sabadell\" \/>\n<meta property=\"og:description\" content=\"Explora nuestro Aviso Legal, donde Entre Copas garantiza transparencia y cumplimiento normativo en todas nuestras operaciones.\" \/>\n<meta property=\"og:url\" content=\"https:\/\/malteadoclub.com\/ca\/aviso-legal\/\" \/>\n<meta property=\"og:site_name\" content=\"Entre Copas Sabadell\" \/>\n<meta property=\"article:modified_time\" content=\"2024-03-13T17:25:39+00:00\" \/>\n<meta property=\"og:image\" content=\"https:\/\/malteadoclub.com\/wp-content\/uploads\/2024\/02\/favicon.png\" \/>\n\t<meta property=\"og:image:width\" content=\"256\" \/>\n\t<meta property=\"og:image:height\" content=\"256\" \/>\n\t<meta property=\"og:image:type\" content=\"image\/png\" \/>\n<meta name=\"twitter:card\" content=\"summary_large_image\" \/>\n<meta name=\"twitter:label1\" content=\"Temps estimat de lectura\" \/>\n\t<meta name=\"twitter:data1\" content=\"9 minuts\" \/>\n<script type=\"application\/ld+json\" class=\"yoast-schema-graph\">{\"@context\":\"https:\/\/schema.org\",\"@graph\":[{\"@type\":\"WebPage\",\"@id\":\"https:\/\/malteadoclub.com\/aviso-legal\/\",\"url\":\"https:\/\/malteadoclub.com\/aviso-legal\/\",\"name\":\"Aviso Legal - Entre Copas Sabadell\",\"isPartOf\":{\"@id\":\"https:\/\/malteadoclub.com\/#website\"},\"datePublished\":\"2024-02-13T22:05:05+00:00\",\"dateModified\":\"2024-03-13T17:25:39+00:00\",\"description\":\"Explora nuestro Aviso Legal, donde Entre Copas garantiza transparencia y cumplimiento normativo en todas nuestras operaciones.\",\"breadcrumb\":{\"@id\":\"https:\/\/malteadoclub.com\/aviso-legal\/#breadcrumb\"},\"inLanguage\":\"ca\",\"potentialAction\":[{\"@type\":\"ReadAction\",\"target\":[\"https:\/\/malteadoclub.com\/aviso-legal\/\"]}]},{\"@type\":\"BreadcrumbList\",\"@id\":\"https:\/\/malteadoclub.com\/aviso-legal\/#breadcrumb\",\"itemListElement\":[{\"@type\":\"ListItem\",\"position\":1,\"name\":\"Portada\",\"item\":\"https:\/\/malteadoclub.com\/\"},{\"@type\":\"ListItem\",\"position\":2,\"name\":\"Aviso Legal\"}]},{\"@type\":\"WebSite\",\"@id\":\"https:\/\/malteadoclub.com\/#website\",\"url\":\"https:\/\/malteadoclub.com\/\",\"name\":\"Entre Copas Sabadell\",\"description\":\"\",\"potentialAction\":[{\"@type\":\"SearchAction\",\"target\":{\"@type\":\"EntryPoint\",\"urlTemplate\":\"https:\/\/malteadoclub.com\/?s={search_term_string}\"},\"query-input\":{\"@type\":\"PropertyValueSpecification\",\"valueRequired\":true,\"valueName\":\"search_term_string\"}}],\"inLanguage\":\"ca\"}]}<\/script>\n<!-- \/ Yoast SEO plugin. -->","yoast_head_json":{"title":"Aviso Legal - Entre Copas Sabadell","description":"Explora nuestro Aviso Legal, donde Entre Copas garantiza transparencia y cumplimiento normativo en todas nuestras operaciones.","robots":{"index":"index","follow":"follow","max-snippet":"max-snippet:-1","max-image-preview":"max-image-preview:large","max-video-preview":"max-video-preview:-1"},"canonical":"https:\/\/malteadoclub.com\/ca\/aviso-legal\/","og_locale":"ca_ES","og_type":"article","og_title":"Aviso Legal - Entre Copas Sabadell","og_description":"Explora nuestro Aviso Legal, donde Entre Copas garantiza transparencia y cumplimiento normativo en todas nuestras operaciones.","og_url":"https:\/\/malteadoclub.com\/ca\/aviso-legal\/","og_site_name":"Entre Copas Sabadell","article_modified_time":"2024-03-13T17:25:39+00:00","og_image":[{"width":256,"height":256,"url":"https:\/\/malteadoclub.com\/wp-content\/uploads\/2024\/02\/favicon.png","type":"image\/png"}],"twitter_card":"summary_large_image","twitter_misc":{"Temps estimat de lectura":"9 minuts"},"schema":{"@context":"https:\/\/schema.org","@graph":[{"@type":"WebPage","@id":"https:\/\/malteadoclub.com\/aviso-legal\/","url":"https:\/\/malteadoclub.com\/aviso-legal\/","name":"Aviso Legal - Entre Copas Sabadell","isPartOf":{"@id":"https:\/\/malteadoclub.com\/#website"},"datePublished":"2024-02-13T22:05:05+00:00","dateModified":"2024-03-13T17:25:39+00:00","description":"Explora nuestro Aviso Legal, donde Entre Copas garantiza transparencia y cumplimiento normativo en todas nuestras operaciones.","breadcrumb":{"@id":"https:\/\/malteadoclub.com\/aviso-legal\/#breadcrumb"},"inLanguage":"ca","potentialAction":[{"@type":"ReadAction","target":["https:\/\/malteadoclub.com\/aviso-legal\/"]}]},{"@type":"BreadcrumbList","@id":"https:\/\/malteadoclub.com\/aviso-legal\/#breadcrumb","itemListElement":[{"@type":"ListItem","position":1,"name":"Portada","item":"https:\/\/malteadoclub.com\/"},{"@type":"ListItem","position":2,"name":"Aviso Legal"}]},{"@type":"WebSite","@id":"https:\/\/malteadoclub.com\/#website","url":"https:\/\/malteadoclub.com\/","name":"Entre Copas Sabadell","description":"","potentialAction":[{"@type":"SearchAction","target":{"@type":"EntryPoint","urlTemplate":"https:\/\/malteadoclub.com\/?s={search_term_string}"},"query-input":{"@type":"PropertyValueSpecification","valueRequired":true,"valueName":"search_term_string"}}],"inLanguage":"ca"}]}},"_links":{"self":[{"href":"https:\/\/malteadoclub.com\/ca\/wp-json\/wp\/v2\/pages\/1194","targetHints":{"allow":["GET"]}}],"collection":[{"href":"https:\/\/malteadoclub.com\/ca\/wp-json\/wp\/v2\/pages"}],"about":[{"href":"https:\/\/malteadoclub.com\/ca\/wp-json\/wp\/v2\/types\/page"}],"author":[{"embeddable":true,"href":"https:\/\/malteadoclub.com\/ca\/wp-json\/wp\/v2\/users\/1"}],"replies":[{"embeddable":true,"href":"https:\/\/malteadoclub.com\/ca\/wp-json\/wp\/v2\/comments?post=1194"}],"version-history":[{"count":6,"href":"https:\/\/malteadoclub.com\/ca\/wp-json\/wp\/v2\/pages\/1194\/revisions"}],"predecessor-version":[{"id":1343,"href":"https:\/\/malteadoclub.com\/ca\/wp-json\/wp\/v2\/pages\/1194\/revisions\/1343"}],"wp:attachment":[{"href":"https:\/\/malteadoclub.com\/ca\/wp-json\/wp\/v2\/media?parent=1194"}],"curies":[{"name":"wp","href":"https:\/\/api.w.org\/{rel}","templated":true}]}}