{"id":769,"date":"2024-01-10T00:30:14","date_gmt":"2024-01-09T23:30:14","guid":{"rendered":"https:\/\/malteadoclub.com\/?page_id=769"},"modified":"2024-03-13T18:33:15","modified_gmt":"2024-03-13T17:33:15","slug":"tienda","status":"publish","type":"page","link":"https:\/\/malteadoclub.com\/ca\/tienda\/","title":{"rendered":"Botiga"},"content":{"rendered":"<div data-elementor-type=\"wp-page\" data-elementor-id=\"769\" class=\"elementor elementor-769\" data-elementor-post-type=\"page\">\n\t\t\t\t\t\t<section class=\"elementor-section elementor-top-section elementor-element elementor-element-0d05cfb elementor-section-boxed elementor-section-height-default elementor-section-height-default\" data-id=\"0d05cfb\" data-element_type=\"section\" data-settings=\"{&quot;background_background&quot;:&quot;classic&quot;}\">\n\t\t\t\t\t\t\t<div class=\"elementor-background-overlay\"><\/div>\n\t\t\t\t\t\t\t<div class=\"elementor-container elementor-column-gap-default\">\n\t\t\t\t\t<div class=\"elementor-column elementor-col-100 elementor-top-column elementor-element elementor-element-5907c20\" data-id=\"5907c20\" data-element_type=\"column\">\n\t\t\t<div class=\"elementor-widget-wrap elementor-element-populated\">\n\t\t\t\t\t\t<div class=\"elementor-element elementor-element-28adfdf elementor-widget elementor-widget-heading\" data-id=\"28adfdf\" data-element_type=\"widget\" data-widget_type=\"heading.default\">\n\t\t\t\t<div class=\"elementor-widget-container\">\n\t\t\t\t\t<h2 class=\"elementor-heading-title elementor-size-default\">Aviat...<\/h2>\t\t\t\t<\/div>\n\t\t\t\t<\/div>\n\t\t\t\t\t<\/div>\n\t\t<\/div>\n\t\t\t\t\t<\/div>\n\t\t<\/section>\n\t\t\t\t<section class=\"elementor-section elementor-top-section elementor-element elementor-element-c9b125c elementor-section-boxed elementor-section-height-default elementor-section-height-default\" data-id=\"c9b125c\" data-element_type=\"section\">\n\t\t\t\t\t\t<div class=\"elementor-container elementor-column-gap-default\">\n\t\t\t\t\t<div class=\"elementor-column elementor-col-100 elementor-top-column elementor-element elementor-element-e29ee59\" data-id=\"e29ee59\" data-element_type=\"column\">\n\t\t\t<div class=\"elementor-widget-wrap elementor-element-populated\">\n\t\t\t\t\t\t<div class=\"elementor-element elementor-element-5eb1b2a elementor-align-center elementor-widget elementor-widget-lottie\" data-id=\"5eb1b2a\" data-element_type=\"widget\" data-settings=\"{&quot;source&quot;:&quot;external_url&quot;,&quot;source_external_url&quot;:{&quot;url&quot;:&quot;https:\\\/\\\/lottie.host\\\/702bfc8a-a781-44ce-9afe-bdf28afe50c3\\\/CUnl7m8m7N.json&quot;,&quot;is_external&quot;:&quot;&quot;,&quot;nofollow&quot;:&quot;&quot;,&quot;custom_attributes&quot;:&quot;&quot;},&quot;link_to&quot;:&quot;none&quot;,&quot;trigger&quot;:&quot;arriving_to_viewport&quot;,&quot;viewport&quot;:{&quot;unit&quot;:&quot;%&quot;,&quot;size&quot;:&quot;&quot;,&quot;sizes&quot;:{&quot;start&quot;:0,&quot;end&quot;:100}},&quot;play_speed&quot;:{&quot;unit&quot;:&quot;px&quot;,&quot;size&quot;:1,&quot;sizes&quot;:[]},&quot;start_point&quot;:{&quot;unit&quot;:&quot;%&quot;,&quot;size&quot;:0,&quot;sizes&quot;:[]},&quot;end_point&quot;:{&quot;unit&quot;:&quot;%&quot;,&quot;size&quot;:100,&quot;sizes&quot;:[]},&quot;renderer&quot;:&quot;svg&quot;}\" data-widget_type=\"lottie.default\">\n\t\t\t\t<div class=\"elementor-widget-container\">\n\t\t\t\t\t<div class=\"e-lottie__container\"><div class=\"e-lottie__animation\"><\/div><\/div>\t\t\t\t<\/div>\n\t\t\t\t<\/div>\n\t\t\t\t<div class=\"elementor-element elementor-element-a68dac1 elementor-widget elementor-widget-text-editor\" data-id=\"a68dac1\" data-element_type=\"widget\" data-widget_type=\"text-editor.default\">\n\t\t\t\t<div class=\"elementor-widget-container\">\n\t\t\t\t\t\t\t\t\t<p>Ben aviat estar\u00e0s a un clic de dist\u00e0ncia per poder gaudir dels nostres licors amb la millor companyia.<\/p>\t\t\t\t\t\t\t\t<\/div>\n\t\t\t\t<\/div>\n\t\t\t\t<div class=\"elementor-element elementor-element-cf4868c elementor-mobile-align-center elementor-align-center elementor-widget elementor-widget-button\" data-id=\"cf4868c\" data-element_type=\"widget\" data-widget_type=\"button.default\">\n\t\t\t\t<div class=\"elementor-widget-container\">\n\t\t\t\t\t\t\t\t\t<div class=\"elementor-button-wrapper\">\n\t\t\t\t\t<a class=\"elementor-button elementor-button-link elementor-size-lg\" href=\"\/ca\/\">\n\t\t\t\t\t\t<span class=\"elementor-button-content-wrapper\">\n\t\t\t\t\t\t<span class=\"elementor-button-icon\">\n\t\t\t\t<svg aria-hidden=\"true\" class=\"e-font-icon-svg e-fas-home\" viewbox=\"0 0 576 512\" xmlns=\"http:\/\/www.w3.org\/2000\/svg\"><path d=\"M280.37 148.26L96 300.11V464a16 16 0 0 0 16 16l112.06-.29a16 16 0 0 0 15.92-16V368a16 16 0 0 1 16-16h64a16 16 0 0 1 16 16v95.64a16 16 0 0 0 16 16.05L464 480a16 16 0 0 0 16-16V300L295.67 148.26a12.19 12.19 0 0 0-15.3 0zM571.6 251.47L488 182.56V44.05a12 12 0 0 0-12-12h-56a12 12 0 0 0-12 12v72.61L318.47 43a48 48 0 0 0-61 0L4.34 251.47a12 12 0 0 0-1.6 16.9l25.5 31A12 12 0 0 0 45.15 301l235.22-193.74a12.19 12.19 0 0 1 15.3 0L530.9 301a12 12 0 0 0 16.9-1.6l25.5-31a12 12 0 0 0-1.7-16.93z\"><\/path><\/svg>\t\t\t<\/span>\n\t\t\t\t\t\t\t\t\t<span class=\"elementor-button-text\">ANAR A L'INICI<\/span>\n\t\t\t\t\t<\/span>\n\t\t\t\t\t<\/a>\n\t\t\t\t<\/div>\n\t\t\t\t\t\t\t\t<\/div>\n\t\t\t\t<\/div>\n\t\t\t\t\t<\/div>\n\t\t<\/div>\n\t\t\t\t\t<\/div>\n\t\t<\/section>\n\t\t\t\t<\/div>","protected":false},"excerpt":{"rendered":"<p>Pr\u00f3ximamente Muy pronto estar\u00e1s a un clic de distancia para poder disfrutar de nuestros licores con la mejor compa\u00f1\u00eda. &nbsp; IR AL INICIO<\/p>","protected":false},"author":1,"featured_media":0,"parent":0,"menu_order":0,"comment_status":"closed","ping_status":"closed","template":"","meta":{"footnotes":""},"class_list":["post-769","page","type-page","status-publish","hentry"],"yoast_head":"<!-- This site is optimized with the Yoast SEO plugin v25.9 - https:\/\/yoast.com\/wordpress\/plugins\/seo\/ -->\n<title>Tienda Online Entre Copas - Entre Copas Sabadell<\/title>\n<meta name=\"description\" content=\"Encuentra los mejores licores premium de todo el mundo. Compra Tienda Online Entre Copas y lleva a casa la esencia de Entre Copas.\" \/>\n<meta name=\"robots\" content=\"index, follow, max-snippet:-1, max-image-preview:large, max-video-preview:-1\" \/>\n<link rel=\"canonical\" href=\"https:\/\/malteadoclub.com\/ca\/tienda\/\" \/>\n<meta property=\"og:locale\" content=\"ca_ES\" \/>\n<meta property=\"og:type\" content=\"article\" \/>\n<meta property=\"og:title\" content=\"Tienda Online Entre Copas - Entre Copas Sabadell\" \/>\n<meta property=\"og:description\" content=\"Encuentra los mejores licores premium de todo el mundo. Compra Tienda Online Entre Copas y lleva a casa la esencia de Entre Copas.\" \/>\n<meta property=\"og:url\" content=\"https:\/\/malteadoclub.com\/ca\/tienda\/\" \/>\n<meta property=\"og:site_name\" content=\"Entre Copas Sabadell\" \/>\n<meta property=\"article:modified_time\" content=\"2024-03-13T17:33:15+00:00\" \/>\n<meta property=\"og:image\" content=\"https:\/\/malteadoclub.com\/wp-content\/uploads\/2024\/02\/favicon.png\" \/>\n\t<meta property=\"og:image:width\" content=\"256\" \/>\n\t<meta property=\"og:image:height\" content=\"256\" \/>\n\t<meta property=\"og:image:type\" content=\"image\/png\" \/>\n<meta name=\"twitter:card\" content=\"summary_large_image\" \/>\n<meta name=\"twitter:label1\" content=\"Temps estimat de lectura\" \/>\n\t<meta name=\"twitter:data1\" content=\"1 minut\" \/>\n<script type=\"application\/ld+json\" class=\"yoast-schema-graph\">{\"@context\":\"https:\/\/schema.org\",\"@graph\":[{\"@type\":\"WebPage\",\"@id\":\"https:\/\/malteadoclub.com\/tienda\/\",\"url\":\"https:\/\/malteadoclub.com\/tienda\/\",\"name\":\"Tienda Online Entre Copas - Entre Copas Sabadell\",\"isPartOf\":{\"@id\":\"https:\/\/malteadoclub.com\/#website\"},\"datePublished\":\"2024-01-09T23:30:14+00:00\",\"dateModified\":\"2024-03-13T17:33:15+00:00\",\"description\":\"Encuentra los mejores licores premium de todo el mundo. Compra Tienda Online Entre Copas y lleva a casa la esencia de Entre Copas.\",\"breadcrumb\":{\"@id\":\"https:\/\/malteadoclub.com\/tienda\/#breadcrumb\"},\"inLanguage\":\"ca\",\"potentialAction\":[{\"@type\":\"ReadAction\",\"target\":[\"https:\/\/malteadoclub.com\/tienda\/\"]}]},{\"@type\":\"BreadcrumbList\",\"@id\":\"https:\/\/malteadoclub.com\/tienda\/#breadcrumb\",\"itemListElement\":[{\"@type\":\"ListItem\",\"position\":1,\"name\":\"Portada\",\"item\":\"https:\/\/malteadoclub.com\/\"},{\"@type\":\"ListItem\",\"position\":2,\"name\":\"Tienda\"}]},{\"@type\":\"WebSite\",\"@id\":\"https:\/\/malteadoclub.com\/#website\",\"url\":\"https:\/\/malteadoclub.com\/\",\"name\":\"Entre Copas Sabadell\",\"description\":\"\",\"potentialAction\":[{\"@type\":\"SearchAction\",\"target\":{\"@type\":\"EntryPoint\",\"urlTemplate\":\"https:\/\/malteadoclub.com\/?s={search_term_string}\"},\"query-input\":{\"@type\":\"PropertyValueSpecification\",\"valueRequired\":true,\"valueName\":\"search_term_string\"}}],\"inLanguage\":\"ca\"}]}<\/script>\n<!-- \/ Yoast SEO plugin. -->","yoast_head_json":{"title":"Tienda Online Entre Copas - Entre Copas Sabadell","description":"Encuentra los mejores licores premium de todo el mundo. Compra Tienda Online Entre Copas y lleva a casa la esencia de Entre Copas.","robots":{"index":"index","follow":"follow","max-snippet":"max-snippet:-1","max-image-preview":"max-image-preview:large","max-video-preview":"max-video-preview:-1"},"canonical":"https:\/\/malteadoclub.com\/ca\/tienda\/","og_locale":"ca_ES","og_type":"article","og_title":"Tienda Online Entre Copas - Entre Copas Sabadell","og_description":"Encuentra los mejores licores premium de todo el mundo. Compra Tienda Online Entre Copas y lleva a casa la esencia de Entre Copas.","og_url":"https:\/\/malteadoclub.com\/ca\/tienda\/","og_site_name":"Entre Copas Sabadell","article_modified_time":"2024-03-13T17:33:15+00:00","og_image":[{"width":256,"height":256,"url":"https:\/\/malteadoclub.com\/wp-content\/uploads\/2024\/02\/favicon.png","type":"image\/png"}],"twitter_card":"summary_large_image","twitter_misc":{"Temps estimat de lectura":"1 minut"},"schema":{"@context":"https:\/\/schema.org","@graph":[{"@type":"WebPage","@id":"https:\/\/malteadoclub.com\/tienda\/","url":"https:\/\/malteadoclub.com\/tienda\/","name":"Tienda Online Entre Copas - Entre Copas Sabadell","isPartOf":{"@id":"https:\/\/malteadoclub.com\/#website"},"datePublished":"2024-01-09T23:30:14+00:00","dateModified":"2024-03-13T17:33:15+00:00","description":"Encuentra los mejores licores premium de todo el mundo. Compra Tienda Online Entre Copas y lleva a casa la esencia de Entre Copas.","breadcrumb":{"@id":"https:\/\/malteadoclub.com\/tienda\/#breadcrumb"},"inLanguage":"ca","potentialAction":[{"@type":"ReadAction","target":["https:\/\/malteadoclub.com\/tienda\/"]}]},{"@type":"BreadcrumbList","@id":"https:\/\/malteadoclub.com\/tienda\/#breadcrumb","itemListElement":[{"@type":"ListItem","position":1,"name":"Portada","item":"https:\/\/malteadoclub.com\/"},{"@type":"ListItem","position":2,"name":"Tienda"}]},{"@type":"WebSite","@id":"https:\/\/malteadoclub.com\/#website","url":"https:\/\/malteadoclub.com\/","name":"Entre Copas Sabadell","description":"","potentialAction":[{"@type":"SearchAction","target":{"@type":"EntryPoint","urlTemplate":"https:\/\/malteadoclub.com\/?s={search_term_string}"},"query-input":{"@type":"PropertyValueSpecification","valueRequired":true,"valueName":"search_term_string"}}],"inLanguage":"ca"}]}},"_links":{"self":[{"href":"https:\/\/malteadoclub.com\/ca\/wp-json\/wp\/v2\/pages\/769","targetHints":{"allow":["GET"]}}],"collection":[{"href":"https:\/\/malteadoclub.com\/ca\/wp-json\/wp\/v2\/pages"}],"about":[{"href":"https:\/\/malteadoclub.com\/ca\/wp-json\/wp\/v2\/types\/page"}],"author":[{"embeddable":true,"href":"https:\/\/malteadoclub.com\/ca\/wp-json\/wp\/v2\/users\/1"}],"replies":[{"embeddable":true,"href":"https:\/\/malteadoclub.com\/ca\/wp-json\/wp\/v2\/comments?post=769"}],"version-history":[{"count":39,"href":"https:\/\/malteadoclub.com\/ca\/wp-json\/wp\/v2\/pages\/769\/revisions"}],"predecessor-version":[{"id":1349,"href":"https:\/\/malteadoclub.com\/ca\/wp-json\/wp\/v2\/pages\/769\/revisions\/1349"}],"wp:attachment":[{"href":"https:\/\/malteadoclub.com\/ca\/wp-json\/wp\/v2\/media?parent=769"}],"curies":[{"name":"wp","href":"https:\/\/api.w.org\/{rel}","templated":true}]}}